{"id":18,"date":"2017-06-10T08:25:52","date_gmt":"2017-06-10T08:25:52","guid":{"rendered":"http:\/\/xtratheme.com\/business\/?page_id=10"},"modified":"2024-11-30T18:54:48","modified_gmt":"2024-11-30T18:54:48","slug":"contactez-nous","status":"publish","type":"page","link":"https:\/\/rahaloffice.com\/index.php\/contactez-nous\/","title":{"rendered":"Contactez-Nous"},"content":{"rendered":"\t\t<div data-elementor-type=\"wp-page\" data-elementor-id=\"18\" class=\"elementor elementor-18\">\n\t\t\t\t\t\t<section class=\"elementor-section elementor-top-section elementor-element elementor-element-f5d645f elementor-section-boxed elementor-section-height-default elementor-section-height-default\" data-id=\"f5d645f\" data-element_type=\"section\" data-e-type=\"section\">\n\t\t\t\t\t\t<div class=\"elementor-container elementor-column-gap-default\">\n\t\t\t\t\t<div class=\"elementor-column elementor-col-100 elementor-top-column elementor-element elementor-element-840dba0\" data-id=\"840dba0\" data-element_type=\"column\" data-e-type=\"column\">\n\t\t\t<div class=\"elementor-widget-wrap elementor-element-populated\">\n\t\t\t\t\t\t<div class=\"elementor-element elementor-element-3f1b349 elementor-widget elementor-widget-cz_gap\" data-id=\"3f1b349\" data-element_type=\"widget\" data-e-type=\"widget\" data-widget_type=\"cz_gap.default\">\n\t\t\t\t<div class=\"elementor-widget-container\">\n\t\t\t\t\t<div class=\"cz_gap clr\"><\/div>\t\t\t\t<\/div>\n\t\t\t\t<\/div>\n\t\t\t\t\t<\/div>\n\t\t<\/div>\n\t\t\t\t\t<\/div>\n\t\t<\/section>\n\t\t\t\t<section class=\"elementor-section elementor-top-section elementor-element elementor-element-a766caf elementor-section-boxed elementor-section-height-default elementor-section-height-default\" data-id=\"a766caf\" data-element_type=\"section\" data-e-type=\"section\">\n\t\t\t\t\t\t<div class=\"elementor-container elementor-column-gap-default\">\n\t\t\t\t\t<div class=\"elementor-column elementor-col-50 elementor-top-column elementor-element elementor-element-a0f0fd2\" data-id=\"a0f0fd2\" data-element_type=\"column\" data-e-type=\"column\">\n\t\t\t<div class=\"elementor-widget-wrap elementor-element-populated\">\n\t\t\t\t\t\t<div class=\"elementor-element elementor-element-6a84189 elementor-widget elementor-widget-cz_image\" data-id=\"6a84189\" data-element_type=\"widget\" data-e-type=\"widget\" data-widget_type=\"cz_image.default\">\n\t\t\t\t<div class=\"elementor-widget-container\">\n\t\t\t\t\t\r\n\t\t<div class=\"cz_image clr cz_image_no_fx center_on_mobile\">\r\n\r\n\t\t\t<div>\r\n\r\n\t\t\t\t<div class=\"cz_image_in\">\r\n\r\n\t\t\t\t\t<div class=\"cz_main_image\"><img decoding=\"async\" width=\"160\" height=\"160\" src=\"data:image\/svg+xml,%3Csvg%20xmlns%3D&#39;http%3A%2F%2Fwww.w3.org%2F2000%2Fsvg&#39;%20width=&#39;160&#39;%20height=&#39;160&#39;%20viewBox%3D&#39;0%200%20160%20160&#39;%2F%3E\" data-czlz data-src=\"https:\/\/rahaloffice.com\/wp-content\/uploads\/2019\/12\/user.png\" class=\"attachment-full size-full wp-image-1190\" alt=\"\" data-srcset=\"https:\/\/rahaloffice.com\/wp-content\/uploads\/2019\/12\/user.png 160w, https:\/\/rahaloffice.com\/wp-content\/uploads\/2019\/12\/user-150x150.png 150w, https:\/\/rahaloffice.com\/wp-content\/uploads\/2019\/12\/user-100x100.png 100w\" data-sizes=\"(max-width: 160px) 100vw, 160px\" \/><\/div>\r\n\r\n\t\t\t\t\t<div class=\"cz_hover_image\"><img decoding=\"async\" width=\"160\" height=\"160\" src=\"data:image\/svg+xml,%3Csvg%20xmlns%3D&#39;http%3A%2F%2Fwww.w3.org%2F2000%2Fsvg&#39;%20width=&#39;160&#39;%20height=&#39;160&#39;%20viewBox%3D&#39;0%200%20160%20160&#39;%2F%3E\" data-czlz data-src=\"https:\/\/rahaloffice.com\/wp-content\/uploads\/2019\/12\/user.png\" class=\"attachment-full size-full wp-image-1190\" alt=\"\" data-srcset=\"https:\/\/rahaloffice.com\/wp-content\/uploads\/2019\/12\/user.png 160w, https:\/\/rahaloffice.com\/wp-content\/uploads\/2019\/12\/user-150x150.png 150w, https:\/\/rahaloffice.com\/wp-content\/uploads\/2019\/12\/user-100x100.png 100w\" data-sizes=\"(max-width: 160px) 100vw, 160px\" \/><\/div>\r\n\t\t\t\t<\/div>\r\n\r\n\t\t\t\t\r\n\t\t\t<\/div>\r\n\r\n\t\t<\/div>\r\n\r\n\t\t\t\t\t\t<\/div>\n\t\t\t\t<\/div>\n\t\t\t\t<div class=\"elementor-element elementor-element-18d872d elementor-widget elementor-widget-cz_title\" data-id=\"18d872d\" data-element_type=\"widget\" data-e-type=\"widget\" data-widget_type=\"cz_title.default\">\n\t\t\t\t<div class=\"elementor-widget-container\">\n\t\t\t\t\t\t\r\n\t\t<div>\r\n\t\t\t<div class=\"cz_title clr cz_mobile_text_center cz_title_pos_inline\"><div class=\"cz_title_content\"><div class=\"cz_wpe_content\"><p><span style=\"letter-spacing: 6px; color: #5dc2d3;\">RENCONTRE NOUS<\/span><\/p><\/div><\/div><\/div>\r\n\t\t<\/div>\r\n\t\t\r\n\t\t\t\t\t\t<\/div>\n\t\t\t\t<\/div>\n\t\t\t\t<div class=\"elementor-element elementor-element-79c233e elementor-widget elementor-widget-cz_title\" data-id=\"79c233e\" data-element_type=\"widget\" data-e-type=\"widget\" data-widget_type=\"cz_title.default\">\n\t\t\t\t<div class=\"elementor-widget-container\">\n\t\t\t\t\t\t\r\n\t\t<div>\r\n\t\t\t<div class=\"cz_title clr cz_smart_fs cz_mobile_text_center cz_title_pos_inline\"><div class=\"cz_title_content\"><div class=\"cz_wpe_content\"><h3><span style=\"font-size: 48px;\">Entrer en contact<\/span><\/h3><\/div><\/div><\/div>\r\n\t\t<\/div>\r\n\t\t\r\n\t\t\t\t\t\t<\/div>\n\t\t\t\t<\/div>\n\t\t\t\t<div class=\"elementor-element elementor-element-747b903 elementor-widget elementor-widget-cz_gap\" data-id=\"747b903\" data-element_type=\"widget\" data-e-type=\"widget\" data-widget_type=\"cz_gap.default\">\n\t\t\t\t<div class=\"elementor-widget-container\">\n\t\t\t\t\t<div class=\"cz_gap clr\"><\/div>\t\t\t\t<\/div>\n\t\t\t\t<\/div>\n\t\t\t\t<div class=\"elementor-element elementor-element-66b055e elementor-widget elementor-widget-cz_stylish_list\" data-id=\"66b055e\" data-element_type=\"widget\" data-e-type=\"widget\" data-widget_type=\"cz_stylish_list.default\">\n\t\t\t\t<div class=\"elementor-widget-container\">\n\t\t\t\t\t<ul class=\"cz_stylish_list clr center_on_mobile cz_sl_icon_hover_push_in\"><li class=\"elementor-repeater-item-78388bb clr\"><div class=\"cz_sl_icon\"><i class=\"mr10 fa czico-092-phone-call-1\"><\/i><\/div><div><span>Appelez-nous<small>+212 6 63 41 47 87<\/small><\/span><\/div><\/li><li class=\"elementor-repeater-item-923f9b1 clr\"><div class=\"cz_sl_icon\"><i class=\"mr10 fa czico-006-speech-bubble-with-text-lines\"><\/i><\/div><div><span>Envoyez-nous un e-mail<small>Contact@rahaloffice.com<\/small><\/span><\/div><\/li><li class=\"elementor-repeater-item-487a314 clr\"><div class=\"cz_sl_icon\"><i class=\"mr10 fa czico-083-placeholder-1\"><\/i><\/div><div><span>Our address<small>128 Rue de Metz Residence Moulay Larbi Bur. 24 , Casablanca, Morocco<\/small><\/span><\/div><\/li><\/ul>\t\t\t\t<\/div>\n\t\t\t\t<\/div>\n\t\t\t\t\t<\/div>\n\t\t<\/div>\n\t\t\t\t<div class=\"elementor-column elementor-col-50 elementor-top-column elementor-element elementor-element-29ee445\" data-id=\"29ee445\" data-element_type=\"column\" data-e-type=\"column\">\n\t\t\t<div class=\"elementor-widget-wrap elementor-element-populated\">\n\t\t\t\t\t\t<div class=\"elementor-element elementor-element-1ef676f elementor-widget elementor-widget-cz_title\" data-id=\"1ef676f\" data-element_type=\"widget\" data-e-type=\"widget\" data-widget_type=\"cz_title.default\">\n\t\t\t\t<div class=\"elementor-widget-container\">\n\t\t\t\t\t\t\r\n\t\t<div>\r\n\t\t\t<div class=\"cz_title clr cz_smart_fs cz_mobile_text_center cz_title_pos_inline\"><div class=\"cz_title_content\"><div class=\"cz_wpe_content\"><h3><span style=\"font-size: 48px;\">Contactez-Nous<\/span><\/h3><\/div><\/div><\/div>\r\n\t\t<\/div>\r\n\t\t\r\n\t\t\t\t\t\t<\/div>\n\t\t\t\t<\/div>\n\t\t\t\t<div class=\"elementor-element elementor-element-290e89b elementor-widget elementor-widget-cz_gap\" data-id=\"290e89b\" data-element_type=\"widget\" data-e-type=\"widget\" data-widget_type=\"cz_gap.default\">\n\t\t\t\t<div class=\"elementor-widget-container\">\n\t\t\t\t\t<div class=\"cz_gap clr\"><\/div>\t\t\t\t<\/div>\n\t\t\t\t<\/div>\n\t\t\t\t<div class=\"elementor-element elementor-element-55e0b8c elementor-widget elementor-widget-cz_contact_form_7\" data-id=\"55e0b8c\" data-element_type=\"widget\" data-e-type=\"widget\" data-widget_type=\"cz_contact_form_7.default\">\n\t\t\t\t<div class=\"elementor-widget-container\">\n\t\t\t\t\t\t\t<div class=\"cz_cf7 clr\">\r\n\t\t\t<div>\n<div class=\"wpcf7 no-js\" id=\"wpcf7-f213-o1\" lang=\"en-US\" dir=\"ltr\" data-wpcf7-id=\"213\">\n<div class=\"screen-reader-response\"><p role=\"status\" aria-live=\"polite\" aria-atomic=\"true\"><\/p> <ul><\/ul><\/div>\n<form action=\"\/index.php\/wp-json\/wp\/v2\/pages\/18#wpcf7-f213-o1\" method=\"post\" class=\"wpcf7-form init\" aria-label=\"Contact form\" novalidate=\"novalidate\" data-status=\"init\">\n<fieldset class=\"hidden-fields-container\"><input type=\"hidden\" name=\"_wpcf7\" value=\"213\" \/><input type=\"hidden\" name=\"_wpcf7_version\" value=\"6.1.5\" \/><input type=\"hidden\" name=\"_wpcf7_locale\" value=\"en_US\" \/><input type=\"hidden\" name=\"_wpcf7_unit_tag\" value=\"wpcf7-f213-o1\" \/><input type=\"hidden\" name=\"_wpcf7_container_post\" value=\"0\" \/><input type=\"hidden\" name=\"_wpcf7_posted_data_hash\" value=\"\" \/>\n<\/fieldset>\n<p><label> Votre Nom (*)<br \/>\n<span class=\"wpcf7-form-control-wrap\" data-name=\"your-name\"><input size=\"40\" maxlength=\"400\" class=\"wpcf7-form-control wpcf7-text wpcf7-validates-as-required\" aria-required=\"true\" aria-invalid=\"false\" value=\"\" type=\"text\" name=\"your-name\" \/><\/span> <\/label>\n<\/p>\n<p><label> Votre Num\u00e9ro de T\u00e9l\u00e9phone (*)<br \/>\n<span class=\"wpcf7-form-control-wrap\" data-name=\"tel-867\"><input size=\"40\" maxlength=\"400\" class=\"wpcf7-form-control wpcf7-tel wpcf7-validates-as-required wpcf7-text wpcf7-validates-as-tel\" aria-required=\"true\" aria-invalid=\"false\" value=\"\" type=\"tel\" name=\"tel-867\" \/><\/span> <\/label>\n<\/p>\n<p><label> Votre Email<br \/>\n<span class=\"wpcf7-form-control-wrap\" data-name=\"email-117\"><input size=\"40\" maxlength=\"400\" class=\"wpcf7-form-control wpcf7-email wpcf7-text wpcf7-validates-as-email\" aria-invalid=\"false\" value=\"\" type=\"email\" name=\"email-117\" \/><\/span> <\/label>\n<\/p>\n<p><label> Votre Message<br \/>\n<span class=\"wpcf7-form-control-wrap\" data-name=\"your-message\"><textarea cols=\"40\" rows=\"10\" maxlength=\"2000\" class=\"wpcf7-form-control wpcf7-textarea\" aria-invalid=\"false\" name=\"your-message\"><\/textarea><\/span> <\/label>\n<\/p>\n<p><input class=\"wpcf7-form-control wpcf7-submit has-spinner\" type=\"submit\" value=\"Envoyer\" \/>\n<\/p><div class=\"wpcf7-response-output\" aria-hidden=\"true\"><\/div>\n<\/form>\n<\/div>\n<\/div>\r\n\t\t<\/div>\r\n\t\t\t\t\t\t<\/div>\n\t\t\t\t<\/div>\n\t\t\t\t\t<\/div>\n\t\t<\/div>\n\t\t\t\t\t<\/div>\n\t\t<\/section>\n\t\t\t\t<section class=\"elementor-section elementor-top-section elementor-element elementor-element-948e77c elementor-section-full_width elementor-section-stretched elementor-section-height-default elementor-section-height-default\" data-id=\"948e77c\" data-element_type=\"section\" data-e-type=\"section\" data-settings=\"{&quot;stretch_section&quot;:&quot;section-stretched&quot;}\">\n\t\t\t\t\t\t<div class=\"elementor-container elementor-column-gap-no\">\n\t\t\t\t\t<div class=\"elementor-column elementor-col-100 elementor-top-column elementor-element elementor-element-4f2adb5\" data-id=\"4f2adb5\" data-element_type=\"column\" data-e-type=\"column\">\n\t\t\t<div class=\"elementor-widget-wrap elementor-element-populated\">\n\t\t\t\t\t\t<div class=\"elementor-element elementor-element-d0e503f elementor-widget elementor-widget-html\" data-id=\"d0e503f\" data-element_type=\"widget\" data-e-type=\"widget\" data-widget_type=\"html.default\">\n\t\t\t\t<div class=\"elementor-widget-container\">\n\t\t\t\t\t<iframe src=\"https:\/\/www.google.com\/maps\/embed?pb=!1m14!1m8!1m3!1d13294.838072889772!2d-7.6098756!3d33.5868906!3m2!1i1024!2i768!4f13.1!3m3!1m2!1s0x0%3A0xc8c180c527743ae3!2sRhal%20Office!5e0!3m2!1sfr!2sma!4v1672835412606!5m2!1sfr!2sma\" width=\"1200\" height=\"600\" style=\"border:0;\" allowfullscreen=\"\" loading=\"lazy\" referrerpolicy=\"no-referrer-when-downgrade\"><\/iframe>\t\t\t\t<\/div>\n\t\t\t\t<\/div>\n\t\t\t\t\t<\/div>\n\t\t<\/div>\n\t\t\t\t\t<\/div>\n\t\t<\/section>\n\t\t\t\t<\/div>\n\t\t","protected":false},"excerpt":{"rendered":"<p>RENCONTRE NOUS Entrer en contact Appelez-nous+212 6 63 41 47 87 &#8230; <\/p>\n","protected":false},"author":1,"featured_media":0,"parent":0,"menu_order":0,"comment_status":"closed","ping_status":"closed","template":"","meta":{"footnotes":""},"class_list":["post-18","page","type-page","status-publish","hentry"],"_links":{"self":[{"href":"https:\/\/rahaloffice.com\/index.php\/wp-json\/wp\/v2\/pages\/18","targetHints":{"allow":["GET"]}}],"collection":[{"href":"https:\/\/rahaloffice.com\/index.php\/wp-json\/wp\/v2\/pages"}],"about":[{"href":"https:\/\/rahaloffice.com\/index.php\/wp-json\/wp\/v2\/types\/page"}],"author":[{"embeddable":true,"href":"https:\/\/rahaloffice.com\/index.php\/wp-json\/wp\/v2\/users\/1"}],"replies":[{"embeddable":true,"href":"https:\/\/rahaloffice.com\/index.php\/wp-json\/wp\/v2\/comments?post=18"}],"version-history":[{"count":10,"href":"https:\/\/rahaloffice.com\/index.php\/wp-json\/wp\/v2\/pages\/18\/revisions"}],"predecessor-version":[{"id":1688,"href":"https:\/\/rahaloffice.com\/index.php\/wp-json\/wp\/v2\/pages\/18\/revisions\/1688"}],"wp:attachment":[{"href":"https:\/\/rahaloffice.com\/index.php\/wp-json\/wp\/v2\/media?parent=18"}],"curies":[{"name":"wp","href":"https:\/\/api.w.org\/{rel}","templated":true}]}}